{"id":1168,"date":"2021-08-26T12:16:56","date_gmt":"2021-08-26T12:16:56","guid":{"rendered":"https:\/\/xn--kaevamistd-mcba.ee\/est\/?page_id=1168"},"modified":"2021-09-03T11:00:52","modified_gmt":"2021-09-03T11:00:52","slug":"septikute-muuk-ja-paigaldus-viljandis","status":"publish","type":"page","link":"https:\/\/xn--kaevamistd-mcba.ee\/?page_id=1168","title":{"rendered":"Septikute m\u00fc\u00fck ja paigaldus"},"content":{"rendered":"[av_submenu which_menu='custom' menu='12' position='left' color='socket_color' mobile='active' mobile_switch='av-switch-768' mobile_submenu='aviaTBmobile_submenu' alb_description='' id='' custom_class='' template_class='' av_uid='av-kt48ulzi' sc_version='1.0']\r\n[av_submenu_item title='Kaevet\u00f6\u00f6d' button_style='' link='page,1518' linktarget='' av_uid='av-59oyby' sc_version='1.0']\r\n[av_submenu_item title='Septikute m\u00fc\u00fck ja paigaldus' button_style='' link='page,1168' linktarget='' av_uid='av-48nd2m' sc_version='1.0']\r\n[av_submenu_item title='T\u00e4navakivide paigaldus' button_style='' link='page,1497' linktarget='' av_uid='av-2zrhry' sc_version='1.0']\r\n[av_submenu_item title='Veoteenused multilift kalluriga' button_style='' link='page,1660' linktarget='' av_uid='av-kt48ujia' sc_version='1.0']\r\n[\/av_submenu]\r\n\r\n\n<div id='av_section_1'  class='avia-section av-qet8u-620f5dcfcd853f49434b2c43b1d4f479 main_color avia-section-large avia-no-border-styling  avia-builder-el-1  el_after_av_postcontent  avia-builder-el-last  avia-bg-style-scroll container_wrap fullsize'  ><div class='container av-section-cont-open' ><div class='template-page content  av-content-full alpha units'><div class='post-entry post-entry-type-page post-entry-1168'><div class='entry-content-wrapper clearfix'>\n<div class='flex_column_table av-9wkhy-67fd9e37c9522078ab43d2c48e3780b0 sc-av_three_fifth av-equal-height-column-flextable'>\n<style type=\"text\/css\" data-created_by=\"avia_inline_auto\" id=\"style-css-av-9wkhy-67fd9e37c9522078ab43d2c48e3780b0\">\n#top .flex_column_table.av-equal-height-column-flextable.av-9wkhy-67fd9e37c9522078ab43d2c48e3780b0{\nmargin-top:0px;\nmargin-bottom:0px;\n}\n.flex_column.av-9wkhy-67fd9e37c9522078ab43d2c48e3780b0{\nborder-radius:3px 3px 3px 3px;\npadding:0px 0px 0px 0px;\n}\n<\/style>\n<div  class='flex_column av-9wkhy-67fd9e37c9522078ab43d2c48e3780b0 av_three_fifth  avia-builder-el-2  el_before_av_two_fifth  avia-builder-el-first  first flex_column_table_cell av-equal-height-column av-align-middle av-animated-generic left-to-right av-zero-column-padding  '     ><p>\n<style type=\"text\/css\" data-created_by=\"avia_inline_auto\" id=\"style-css-av-uyrai-b2f3772ea50fc188ef10dd871fc0f2e2\">\n#top .av-special-heading.av-uyrai-b2f3772ea50fc188ef10dd871fc0f2e2{\nmargin:15px 0 0 0;\npadding-bottom:10px;\nfont-size:35px;\n}\nbody .av-special-heading.av-uyrai-b2f3772ea50fc188ef10dd871fc0f2e2 .av-special-heading-tag .heading-char{\nfont-size:25px;\n}\n#top #wrap_all .av-special-heading.av-uyrai-b2f3772ea50fc188ef10dd871fc0f2e2 .av-special-heading-tag{\nfont-size:35px;\npadding:10px 0 0 0;\n}\n.av-special-heading.av-uyrai-b2f3772ea50fc188ef10dd871fc0f2e2 .av-subheading{\nfont-size:15px;\n}\n\n@media only screen and (min-width: 480px) and (max-width: 767px){ \n#top #wrap_all .av-special-heading.av-uyrai-b2f3772ea50fc188ef10dd871fc0f2e2 .av-special-heading-tag{\nfont-size:25px;\n}\n}\n\n@media only screen and (max-width: 479px){ \n#top #wrap_all .av-special-heading.av-uyrai-b2f3772ea50fc188ef10dd871fc0f2e2 .av-special-heading-tag{\nfont-size:25px;\n}\n}\n<\/style>\n<div  class='av-special-heading av-uyrai-b2f3772ea50fc188ef10dd871fc0f2e2 av-special-heading-h1 blockquote modern-quote  avia-builder-el-3  el_before_av_textblock  avia-builder-el-first  av-inherit-size'><h1 class='av-special-heading-tag '  itemprop=\"headline\"  >Septikute m\u00fc\u00fck ja paigaldus Viljandis<\/h1><div class=\"special-heading-border\"><div class=\"special-heading-inner-border\"><\/div><\/div><\/div><br \/>\n<section  class='av_textblock_section av-jgds8wgh-7748c3d26df70201118b281b2447eaba '   itemscope=\"itemscope\" itemtype=\"https:\/\/schema.org\/CreativeWork\" ><div class='avia_textblock'  itemprop=\"text\" ><p><strong>Septiku paigaldamine<\/strong> on k\u00f5ige lihtsam ja odavam lahendus ilma tsentraalse kanalisatsioonita maja v\u00f5i sauna reovee k\u00e4itlemiseks.<\/p>\n<p><strong>Paigaldame erinevas mahus PE ja klaasplastist septikuid ja mahuteid:<\/strong><\/p>\n<p>Septikuid on v\u00f5imalik tellida 2 &#8211; 30 m<sup>3<\/sup><br \/>\nMahuteid on v\u00f5imalik tellida 1 &#8211; 75 m<sup>3<\/sup><\/p>\n<p><strong>Septiku suuruse valimisel soovitame l\u00e4htuda allj\u00e4rgnevast:<\/strong><\/p>\n<p>2 m<sup>3 <\/sup>septik: 4 inimest<br \/>\n3 m<sup>3<\/sup>\u00a0septik: 6 inimest<br \/>\n4 m<sup>3<\/sup>\u00a0septik: 8 inimest<br \/>\n5 m<sup>3<\/sup>\u00a0septik: 10 inimest<\/p>\n<\/div><\/section><\/p><\/div><div class='av-flex-placeholder'><\/div>\n<style type=\"text\/css\" data-created_by=\"avia_inline_auto\" id=\"style-css-av-9wkhy-57e7691f61e4dcb0d25e1b4c21e0616c\">\n#top .flex_column_table.av-equal-height-column-flextable.av-9wkhy-57e7691f61e4dcb0d25e1b4c21e0616c{\nmargin-top:0px;\nmargin-bottom:0px;\n}\n.flex_column.av-9wkhy-57e7691f61e4dcb0d25e1b4c21e0616c{\nborder-radius:73px 0px 0px 0px;\npadding:0px 0px 0px 0px;\n}\n<\/style>\n<div  class='flex_column av-9wkhy-57e7691f61e4dcb0d25e1b4c21e0616c av_two_fifth  avia-builder-el-5  el_after_av_three_fifth  el_before_av_hr  flex_column_table_cell av-equal-height-column av-align-middle av-animated-generic left-to-right av-zero-column-padding  '     ><style type=\"text\/css\" data-created_by=\"avia_inline_auto\" id=\"style-css-av-ksslg46s-cfed9a5feea5ce376ed7ca65b794176a\">\n.avia-image-container.av-ksslg46s-cfed9a5feea5ce376ed7ca65b794176a img.avia_image{\nbox-shadow:none;\n}\n.avia-image-container.av-ksslg46s-cfed9a5feea5ce376ed7ca65b794176a .av-image-caption-overlay-center{\ncolor:#ffffff;\n}\n<\/style>\n<div  class='avia-image-container av-ksslg46s-cfed9a5feea5ce376ed7ca65b794176a av-styling- avia-align-center  avia-builder-el-6  avia-builder-el-no-sibling  av-has-copyright av-copyright-always'   itemprop=\"image\" itemscope=\"itemscope\" itemtype=\"https:\/\/schema.org\/ImageObject\" ><div class=\"avia-image-container-inner\"><div class=\"avia-image-overlay-wrap\"><img decoding=\"async\" fetchpriority=\"high\" class='wp-image-1483 avia-img-lazy-loading-not-1483 avia_image ' src=\"https:\/\/xn--kaevamistd-mcba.ee\/wp-content\/uploads\/2021\/08\/Nimeta.jpg\" alt='' title='Septikute m\u00fc\u00fck Viljandis'  height=\"379\" width=\"516\"  itemprop=\"thumbnailUrl\" srcset=\"https:\/\/xn--kaevamistd-mcba.ee\/wp-content\/uploads\/2021\/08\/Nimeta.jpg 516w, https:\/\/xn--kaevamistd-mcba.ee\/wp-content\/uploads\/2021\/08\/Nimeta-300x220.jpg 300w\" sizes=\"(max-width: 516px) 100vw, 516px\" \/><\/div><small class=\"avia-copyright\">Kaevamist\u00f6\u00f6d.ee<\/small><\/div><\/div><\/div><\/div><!--close column table wrapper. Autoclose: 1 --><div  class='hr av-373z00-873e4636306f77e8a6fe5b9c51335332 hr-default  avia-builder-el-7  el_after_av_two_fifth  el_before_av_one_full '><span class='hr-inner '><span class=\"hr-inner-style\"><\/span><\/span><\/div>\n<div class='flex_column_table av-kssqc5n9-0c3b521c9eb1e2bed62811115bcd85a4 sc-av_one_full av-equal-height-column-flextable'>\n<style type=\"text\/css\" data-created_by=\"avia_inline_auto\" id=\"style-css-av-kssqc5n9-0c3b521c9eb1e2bed62811115bcd85a4\">\n#top .flex_column_table.av-equal-height-column-flextable.av-kssqc5n9-0c3b521c9eb1e2bed62811115bcd85a4{\nmargin-top:0px;\nmargin-bottom:0px;\n}\n.flex_column.av-kssqc5n9-0c3b521c9eb1e2bed62811115bcd85a4{\nborder-radius:3px 3px 3px 3px;\npadding:30px 30px 30px 30px;\nbackground-color:#ededed;\n}\n<\/style>\n<div  class='flex_column av-kssqc5n9-0c3b521c9eb1e2bed62811115bcd85a4 av_one_full  avia-builder-el-8  el_after_av_hr  el_before_av_hr  first flex_column_table_cell av-equal-height-column av-align-middle av-animated-generic left-to-right  '     ><p>\n<style type=\"text\/css\" data-created_by=\"avia_inline_auto\" id=\"style-css-av-kssqafou-d58d807a015257f1758a0bfe966fbbc2\">\n#top .av-special-heading.av-kssqafou-d58d807a015257f1758a0bfe966fbbc2{\nmargin:15px 0 0 0;\npadding-bottom:10px;\nfont-size:30px;\n}\nbody .av-special-heading.av-kssqafou-d58d807a015257f1758a0bfe966fbbc2 .av-special-heading-tag .heading-char{\nfont-size:25px;\n}\n#top #wrap_all .av-special-heading.av-kssqafou-d58d807a015257f1758a0bfe966fbbc2 .av-special-heading-tag{\nfont-size:30px;\npadding:10px 0 0 0;\n}\n.av-special-heading.av-kssqafou-d58d807a015257f1758a0bfe966fbbc2 .av-subheading{\nfont-size:15px;\n}\n\n@media only screen and (min-width: 480px) and (max-width: 767px){ \n#top #wrap_all .av-special-heading.av-kssqafou-d58d807a015257f1758a0bfe966fbbc2 .av-special-heading-tag{\nfont-size:25px;\n}\n}\n\n@media only screen and (max-width: 479px){ \n#top #wrap_all .av-special-heading.av-kssqafou-d58d807a015257f1758a0bfe966fbbc2 .av-special-heading-tag{\nfont-size:25px;\n}\n}\n<\/style>\n<div  class='av-special-heading av-kssqafou-d58d807a015257f1758a0bfe966fbbc2 av-special-heading-h2 custom-color-heading blockquote modern-quote  avia-builder-el-9  el_before_av_textblock  avia-builder-el-first  av-inherit-size'><h2 class='av-special-heading-tag '  itemprop=\"headline\"  >Mis on septikud?<\/h2><div class=\"special-heading-border\"><div class=\"special-heading-inner-border\"><\/div><\/div><\/div><br \/>\n<section  class='av_textblock_section av-kssqdc7y-431c5144574c20c91a15c9e0853949d6 '   itemscope=\"itemscope\" itemtype=\"https:\/\/schema.org\/CreativeWork\" ><div class='avia_textblock av_inherit_color'  itemprop=\"text\" ><p>Septiku n\u00e4ol on tegemist kolmekambrilise mahutiga, millest juhitakse l\u00e4bi heitveed. Tahked osad settivad kambri p\u00f5hja ning settevaba vesi juhitakse seej\u00e4rel imbv\u00e4ljakusse.<\/p>\n<\/div><\/section><br \/>\n\n<style type=\"text\/css\" data-created_by=\"avia_inline_auto\" id=\"style-css-av-kt06plrf-a78cc04fb28657ef1505d9da9c6e4b83\">\n#top .av-special-heading.av-kt06plrf-a78cc04fb28657ef1505d9da9c6e4b83{\nmargin:15px 0 0 0;\npadding-bottom:10px;\nfont-size:30px;\n}\nbody .av-special-heading.av-kt06plrf-a78cc04fb28657ef1505d9da9c6e4b83 .av-special-heading-tag .heading-char{\nfont-size:25px;\n}\n#top #wrap_all .av-special-heading.av-kt06plrf-a78cc04fb28657ef1505d9da9c6e4b83 .av-special-heading-tag{\nfont-size:30px;\npadding:10px 0 0 0;\n}\n.av-special-heading.av-kt06plrf-a78cc04fb28657ef1505d9da9c6e4b83 .av-subheading{\nfont-size:15px;\n}\n\n@media only screen and (min-width: 480px) and (max-width: 767px){ \n#top #wrap_all .av-special-heading.av-kt06plrf-a78cc04fb28657ef1505d9da9c6e4b83 .av-special-heading-tag{\nfont-size:27px;\n}\n}\n\n@media only screen and (max-width: 479px){ \n#top #wrap_all .av-special-heading.av-kt06plrf-a78cc04fb28657ef1505d9da9c6e4b83 .av-special-heading-tag{\nfont-size:27px;\n}\n}\n<\/style>\n<div  class='av-special-heading av-kt06plrf-a78cc04fb28657ef1505d9da9c6e4b83 av-special-heading-h2 custom-color-heading blockquote modern-quote  avia-builder-el-11  el_after_av_textblock  el_before_av_textblock  av-inherit-size'><h2 class='av-special-heading-tag '  itemprop=\"headline\"  >Imbv\u00e4ljakuid ehitame kahte t\u00fc\u00fcpi:<\/h2><div class=\"special-heading-border\"><div class=\"special-heading-inner-border\"><\/div><\/div><\/div><br \/>\n<section  class='av_textblock_section av-kt06rurt-be08c1669a51b31feb799338023b2f82 '   itemscope=\"itemscope\" itemtype=\"https:\/\/schema.org\/CreativeWork\" ><div class='avia_textblock av_inherit_color'  itemprop=\"text\" ><p><strong>1.<\/strong> Koosneb v\u00e4hemalt kaherealisest torustikust, mis on paigaldatud killustiku sisse ning millel on alumistes osades avad heitvee immutamiseks maa sisse.<\/p>\n<p><strong>2.<\/strong> Imbtunnelid, millel on korraga suurem heitvee vastuv\u00f5tmise v\u00f5ime ja mis ei vaja nii pikka maapinda kui torustiku puhul.<\/p>\n<\/div><\/section><\/p><\/div><\/div><!--close column table wrapper. Autoclose: 1 --><div  class='hr av-9210g-cce6c119d98d2057990c64178c8c4ac9 hr-default  avia-builder-el-13  el_after_av_one_full  el_before_av_one_full '><span class='hr-inner '><span class=\"hr-inner-style\"><\/span><\/span><\/div>\n<div class='flex_column_table av-kt147z43-7fc96d10c53be46fc8df15c98e41e161 sc-av_one_full av-equal-height-column-flextable'>\n<style type=\"text\/css\" data-created_by=\"avia_inline_auto\" id=\"style-css-av-kt147z43-7fc96d10c53be46fc8df15c98e41e161\">\n#top .flex_column_table.av-equal-height-column-flextable.av-kt147z43-7fc96d10c53be46fc8df15c98e41e161{\nmargin-top:0px;\nmargin-bottom:0px;\n}\n.flex_column.av-kt147z43-7fc96d10c53be46fc8df15c98e41e161{\nborder-radius:3px 3px 3px 3px;\npadding:0px 0px 0px 0px;\n}\n<\/style>\n<div  class='flex_column av-kt147z43-7fc96d10c53be46fc8df15c98e41e161 av_one_full  avia-builder-el-14  el_after_av_hr  avia-builder-el-last  first flex_column_table_cell av-equal-height-column av-align-middle av-animated-generic left-to-right av-zero-column-padding  '     ><style type=\"text\/css\" data-created_by=\"avia_inline_auto\" id=\"style-css-av-kt146wub-07a7ea1f065f91afe97758a471d9e535\">\n#top .av-special-heading.av-kt146wub-07a7ea1f065f91afe97758a471d9e535{\nmargin:15px 0 0 0;\npadding-bottom:10px;\nfont-size:25px;\n}\nbody .av-special-heading.av-kt146wub-07a7ea1f065f91afe97758a471d9e535 .av-special-heading-tag .heading-char{\nfont-size:25px;\ncolor:#edae44;\npadding-bottom:10px;\n}\nbody .av-special-heading.av-kt146wub-07a7ea1f065f91afe97758a471d9e535 .av-special-heading-tag .heading-char.avia-svg-icon svg:first-child{\nfill:#edae44;\nstroke:#edae44;\n}\n#top #wrap_all .av-special-heading.av-kt146wub-07a7ea1f065f91afe97758a471d9e535 .av-special-heading-tag{\nfont-size:25px;\npadding:10px 0 0 0;\n}\n.av-special-heading.av-kt146wub-07a7ea1f065f91afe97758a471d9e535 .special-heading-inner-border{\nborder-color:#edae44;\n}\n.av-special-heading.av-kt146wub-07a7ea1f065f91afe97758a471d9e535 .av-subheading{\nfont-size:15px;\n}\nbody .av-special-heading.av-kt146wub-07a7ea1f065f91afe97758a471d9e535 .av-special-heading-tag .heading-wrap:before{\nborder-color:#edae44;\n}\nbody .av-special-heading.av-kt146wub-07a7ea1f065f91afe97758a471d9e535 .av-special-heading-tag .heading-wrap:after{\nborder-color:#edae44;\n}\n\n@media only screen and (min-width: 480px) and (max-width: 767px){ \n#top #wrap_all .av-special-heading.av-kt146wub-07a7ea1f065f91afe97758a471d9e535 .av-special-heading-tag{\nfont-size:27px;\n}\n}\n\n@media only screen and (max-width: 479px){ \n#top #wrap_all .av-special-heading.av-kt146wub-07a7ea1f065f91afe97758a471d9e535 .av-special-heading-tag{\nfont-size:27px;\n}\n}\n<\/style>\n<div  class='av-special-heading av-kt146wub-07a7ea1f065f91afe97758a471d9e535 av-special-heading-h2 custom-color-heading blockquote elegant-quote elegant-centered  avia-builder-el-15  avia-builder-el-no-sibling  av-inherit-size av-linked-heading av-icon'><h2 class='av-special-heading-tag '  itemprop=\"headline\"  ><a class=\"av-heading-link\" href=\"https:\/\/xn--kaevamistd-mcba.ee\/?page_id=821\" ><span class='heading-char avia-iconfont avia-font-entypo-fontello' data-av_icon='\ue805' data-av_iconfont='entypo-fontello' ><\/span><span class=\"heading-wrap\">Kui septikute m\u00fc\u00fck ja paigaldus pakub huvi, saada meile hinnap\u00e4ring<\/span><\/a><\/h2><div class=\"special-heading-border\"><div class=\"special-heading-inner-border\"><\/div><\/div><\/div><\/div><\/div><!--close column table wrapper. Autoclose: 1 -->\n\n","protected":false},"excerpt":{"rendered":"","protected":false},"author":1,"featured_media":0,"parent":0,"menu_order":0,"comment_status":"open","ping_status":"open","template":"","meta":{"footnotes":""},"class_list":["post-1168","page","type-page","status-publish","hentry"],"_links":{"self":[{"href":"https:\/\/xn--kaevamistd-mcba.ee\/index.php?rest_route=\/wp\/v2\/pages\/1168","targetHints":{"allow":["GET"]}}],"collection":[{"href":"https:\/\/xn--kaevamistd-mcba.ee\/index.php?rest_route=\/wp\/v2\/pages"}],"about":[{"href":"https:\/\/xn--kaevamistd-mcba.ee\/index.php?rest_route=\/wp\/v2\/types\/page"}],"author":[{"embeddable":true,"href":"https:\/\/xn--kaevamistd-mcba.ee\/index.php?rest_route=\/wp\/v2\/users\/1"}],"replies":[{"embeddable":true,"href":"https:\/\/xn--kaevamistd-mcba.ee\/index.php?rest_route=%2Fwp%2Fv2%2Fcomments&post=1168"}],"version-history":[{"count":24,"href":"https:\/\/xn--kaevamistd-mcba.ee\/index.php?rest_route=\/wp\/v2\/pages\/1168\/revisions"}],"predecessor-version":[{"id":1667,"href":"https:\/\/xn--kaevamistd-mcba.ee\/index.php?rest_route=\/wp\/v2\/pages\/1168\/revisions\/1667"}],"wp:attachment":[{"href":"https:\/\/xn--kaevamistd-mcba.ee\/index.php?rest_route=%2Fwp%2Fv2%2Fmedia&parent=1168"}],"curies":[{"name":"wp","href":"https:\/\/api.w.org\/{rel}","templated":true}]}}