{"id":1497,"date":"2021-09-01T09:02:51","date_gmt":"2021-09-01T09:02:51","guid":{"rendered":"https:\/\/xn--kaevamistd-mcba.ee\/est\/?page_id=1497"},"modified":"2021-09-03T11:01:09","modified_gmt":"2021-09-03T11:01:09","slug":"tanavakivide-paigaldus-viljandis","status":"publish","type":"page","link":"https:\/\/xn--kaevamistd-mcba.ee\/?page_id=1497","title":{"rendered":"T\u00e4navakivide paigaldus Viljandis"},"content":{"rendered":"[av_submenu which_menu='custom' menu='12' position='left' color='socket_color' mobile='active' mobile_switch='av-switch-768' mobile_submenu='aviaTBmobile_submenu' alb_description='' id='' custom_class='' template_class='' av_uid='av-kt48ulzi' sc_version='1.0']\r\n[av_submenu_item title='Kaevet\u00f6\u00f6d' button_style='' link='page,1518' linktarget='' av_uid='av-59oyby' sc_version='1.0']\r\n[av_submenu_item title='Septikute m\u00fc\u00fck ja paigaldus' button_style='' link='page,1168' linktarget='' av_uid='av-48nd2m' sc_version='1.0']\r\n[av_submenu_item title='T\u00e4navakivide paigaldus' button_style='' link='page,1497' linktarget='' av_uid='av-2zrhry' sc_version='1.0']\r\n[av_submenu_item title='Veoteenused multilift kalluriga' button_style='' link='page,1660' linktarget='' av_uid='av-kt48ujia' sc_version='1.0']\r\n[\/av_submenu]\r\n\r\n\n<div id='av_section_1'  class='avia-section av-qet8u-620f5dcfcd853f49434b2c43b1d4f479 main_color avia-section-large avia-no-border-styling  avia-builder-el-1  el_after_av_postcontent  avia-builder-el-last  avia-bg-style-scroll container_wrap fullsize'  ><div class='container av-section-cont-open' ><div class='template-page content  av-content-full alpha units'><div class='post-entry post-entry-type-page post-entry-1497'><div class='entry-content-wrapper clearfix'>\n<div class='flex_column_table av-9wkhy-67fd9e37c9522078ab43d2c48e3780b0 sc-av_three_fifth av-equal-height-column-flextable'>\n<style type=\"text\/css\" data-created_by=\"avia_inline_auto\" id=\"style-css-av-9wkhy-67fd9e37c9522078ab43d2c48e3780b0\">\n#top .flex_column_table.av-equal-height-column-flextable.av-9wkhy-67fd9e37c9522078ab43d2c48e3780b0{\nmargin-top:0px;\nmargin-bottom:0px;\n}\n.flex_column.av-9wkhy-67fd9e37c9522078ab43d2c48e3780b0{\nborder-radius:3px 3px 3px 3px;\npadding:0px 0px 0px 0px;\n}\n<\/style>\n<div  class='flex_column av-9wkhy-67fd9e37c9522078ab43d2c48e3780b0 av_three_fifth  avia-builder-el-2  el_before_av_two_fifth  avia-builder-el-first  first flex_column_table_cell av-equal-height-column av-align-middle av-animated-generic left-to-right av-zero-column-padding  '     ><p>\n<style type=\"text\/css\" data-created_by=\"avia_inline_auto\" id=\"style-css-av-uyrai-ea9fd8b13d4a3d976078b71f812730f7\">\n#top .av-special-heading.av-uyrai-ea9fd8b13d4a3d976078b71f812730f7{\nmargin:15px 0 0 0;\npadding-bottom:10px;\nfont-size:35px;\n}\nbody .av-special-heading.av-uyrai-ea9fd8b13d4a3d976078b71f812730f7 .av-special-heading-tag .heading-char{\nfont-size:25px;\n}\n#top #wrap_all .av-special-heading.av-uyrai-ea9fd8b13d4a3d976078b71f812730f7 .av-special-heading-tag{\nfont-size:35px;\npadding:10px 0 0 0;\n}\n.av-special-heading.av-uyrai-ea9fd8b13d4a3d976078b71f812730f7 .av-subheading{\nfont-size:15px;\n}\n\n@media only screen and (min-width: 480px) and (max-width: 767px){ \n#top #wrap_all .av-special-heading.av-uyrai-ea9fd8b13d4a3d976078b71f812730f7 .av-special-heading-tag{\nfont-size:25px;\n}\n}\n\n@media only screen and (max-width: 479px){ \n#top #wrap_all .av-special-heading.av-uyrai-ea9fd8b13d4a3d976078b71f812730f7 .av-special-heading-tag{\nfont-size:25px;\n}\n}\n<\/style>\n<div  class='av-special-heading av-uyrai-ea9fd8b13d4a3d976078b71f812730f7 av-special-heading-h1 blockquote modern-quote  avia-builder-el-3  el_before_av_textblock  avia-builder-el-first  av-inherit-size'><h1 class='av-special-heading-tag '  itemprop=\"headline\"  >T\u00e4navakivide paigaldus Viljandis<\/h1><div class=\"special-heading-border\"><div class=\"special-heading-inner-border\"><\/div><\/div><\/div><br \/>\n<section  class='av_textblock_section av-jgds8wgh-7748c3d26df70201118b281b2447eaba '   itemscope=\"itemscope\" itemtype=\"https:\/\/schema.org\/CreativeWork\" ><div class='avia_textblock'  itemprop=\"text\" ><p>Pakume t\u00e4navakivide paigalduse terviklahendust.<\/p>\n<ul>\n<li>Pinnase koorimine<\/li>\n<li>Kruusa, liiva ja killustiku tagasit\u00e4ited<\/li>\n<li>T\u00e4navakivide paigaldamine<\/li>\n<li>Kivisillutise rajamine<\/li>\n<\/ul>\n<\/div><\/section><\/p><\/div><div class='av-flex-placeholder'><\/div>\n<style type=\"text\/css\" data-created_by=\"avia_inline_auto\" id=\"style-css-av-9wkhy-57e7691f61e4dcb0d25e1b4c21e0616c\">\n#top .flex_column_table.av-equal-height-column-flextable.av-9wkhy-57e7691f61e4dcb0d25e1b4c21e0616c{\nmargin-top:0px;\nmargin-bottom:0px;\n}\n.flex_column.av-9wkhy-57e7691f61e4dcb0d25e1b4c21e0616c{\nborder-radius:73px 0px 0px 0px;\npadding:0px 0px 0px 0px;\n}\n<\/style>\n<div  class='flex_column av-9wkhy-57e7691f61e4dcb0d25e1b4c21e0616c av_two_fifth  avia-builder-el-5  el_after_av_three_fifth  el_before_av_hr  flex_column_table_cell av-equal-height-column av-align-middle av-animated-generic left-to-right av-zero-column-padding  '     ><p>\n<style type=\"text\/css\" data-created_by=\"avia_inline_auto\" id=\"style-css-av-ksslg46s-04fd289bcfd8c6c7c820359fd5cd229a\">\n.avia-image-container.av-ksslg46s-04fd289bcfd8c6c7c820359fd5cd229a img.avia_image{\nbox-shadow:none;\n}\n.avia-image-container.av-ksslg46s-04fd289bcfd8c6c7c820359fd5cd229a .av-image-caption-overlay-center{\ncolor:#ffffff;\n}\n<\/style>\n<div  class='avia-image-container av-ksslg46s-04fd289bcfd8c6c7c820359fd5cd229a av-styling- avia-align-center  avia-builder-el-6  el_before_av_textblock  avia-builder-el-first  av-has-copyright av-copyright-always'   itemprop=\"image\" itemscope=\"itemscope\" itemtype=\"https:\/\/schema.org\/ImageObject\" ><div class=\"avia-image-container-inner\"><div class=\"avia-image-overlay-wrap\"><img decoding=\"async\" fetchpriority=\"high\" class='wp-image-1508 avia-img-lazy-loading-not-1508 avia_image ' src=\"https:\/\/xn--kaevamistd-mcba.ee\/wp-content\/uploads\/2021\/09\/istockphoto-623298654-612x612-1.jpg\" alt='' title='T\u00e4navakivide paigaldus Viljandis'  height=\"408\" width=\"612\"  itemprop=\"thumbnailUrl\" srcset=\"https:\/\/xn--kaevamistd-mcba.ee\/wp-content\/uploads\/2021\/09\/istockphoto-623298654-612x612-1.jpg 612w, https:\/\/xn--kaevamistd-mcba.ee\/wp-content\/uploads\/2021\/09\/istockphoto-623298654-612x612-1-300x200.jpg 300w\" sizes=\"(max-width: 612px) 100vw, 612px\" \/><\/div><small class=\"avia-copyright\">Kaevamist\u00f6\u00f6d.ee<\/small><\/div><\/div><br \/>\n<section  class='av_textblock_section av-kt1c9so6-b6a48b356b5d0abf84fe85e61a94f491 '   itemscope=\"itemscope\" itemtype=\"https:\/\/schema.org\/CreativeWork\" ><div class='avia_textblock'  itemprop=\"text\" ><p>Rohkem pilte\u00a0<strong>t\u00e4navakivide paigalduse\u00a0<\/strong>kohta leiate <a href=\"https:\/\/xn--kaevamistd-mcba.ee\/est\/galerii\/\">galeriist<\/a>.<\/p>\n<\/div><\/section><\/p><\/div><\/div><!--close column table wrapper. Autoclose: 1 --><div  class='hr av-373z00-873e4636306f77e8a6fe5b9c51335332 hr-default  avia-builder-el-8  el_after_av_two_fifth  el_before_av_one_full '><span class='hr-inner '><span class=\"hr-inner-style\"><\/span><\/span><\/div>\n<div class='flex_column_table av-kssqc5n9-a6f4352c6beacee78251fa1d90428420 sc-av_one_full av-equal-height-column-flextable'>\n<style type=\"text\/css\" data-created_by=\"avia_inline_auto\" id=\"style-css-av-kssqc5n9-a6f4352c6beacee78251fa1d90428420\">\n#top .flex_column_table.av-equal-height-column-flextable.av-kssqc5n9-a6f4352c6beacee78251fa1d90428420{\nmargin-top:0px;\nmargin-bottom:0px;\n}\n.flex_column.av-kssqc5n9-a6f4352c6beacee78251fa1d90428420{\nborder-radius:3px 3px 3px 3px;\npadding:0px 0px 0px 0px;\n}\n<\/style>\n<div  class='flex_column av-kssqc5n9-a6f4352c6beacee78251fa1d90428420 av_one_full  avia-builder-el-9  el_after_av_hr  el_before_av_hr  first flex_column_table_cell av-equal-height-column av-align-middle av-animated-generic left-to-right av-zero-column-padding  '     ><p>\n<style type=\"text\/css\" data-created_by=\"avia_inline_auto\" id=\"style-css-av-kssqafou-4e54dab7bee5fb3872d8a77329fdf07b\">\n#top .av-special-heading.av-kssqafou-4e54dab7bee5fb3872d8a77329fdf07b{\nmargin:15px 0 0 0;\npadding-bottom:25px;\nfont-size:30px;\n}\nbody .av-special-heading.av-kssqafou-4e54dab7bee5fb3872d8a77329fdf07b .av-special-heading-tag .heading-char{\nfont-size:25px;\n}\n#top #wrap_all .av-special-heading.av-kssqafou-4e54dab7bee5fb3872d8a77329fdf07b .av-special-heading-tag{\nfont-size:30px;\npadding:10px 0 0 0;\n}\n.av-special-heading.av-kssqafou-4e54dab7bee5fb3872d8a77329fdf07b .av-subheading{\nfont-size:15px;\n}\n\n@media only screen and (min-width: 480px) and (max-width: 767px){ \n#top #wrap_all .av-special-heading.av-kssqafou-4e54dab7bee5fb3872d8a77329fdf07b .av-special-heading-tag{\nfont-size:25px;\n}\n}\n\n@media only screen and (max-width: 479px){ \n#top #wrap_all .av-special-heading.av-kssqafou-4e54dab7bee5fb3872d8a77329fdf07b .av-special-heading-tag{\nfont-size:25px;\n}\n}\n<\/style>\n<div  class='av-special-heading av-kssqafou-4e54dab7bee5fb3872d8a77329fdf07b av-special-heading-h2 custom-color-heading blockquote modern-quote  avia-builder-el-10  el_before_av_textblock  avia-builder-el-first  av-inherit-size'><h2 class='av-special-heading-tag '  itemprop=\"headline\"  >N\u00f5uanded t\u00e4navakivide paigalduse kohta<\/h2><div class=\"special-heading-border\"><div class=\"special-heading-inner-border\"><\/div><\/div><\/div><br \/>\n<section  class='av_textblock_section av-kssqdc7y-431c5144574c20c91a15c9e0853949d6 '   itemscope=\"itemscope\" itemtype=\"https:\/\/schema.org\/CreativeWork\" ><div class='avia_textblock av_inherit_color'  itemprop=\"text\" ><h4><strong>Ettevalmistus<\/strong><\/h4>\n<p>Olgu tegu kas betoon- v\u00f5i looduskivist (paekivi, munakivi) platsi v\u00f5i teega, on kvaliteetse ja kauakestva rajatise v\u00f5tmeks korralikult tehtud aluspind.<\/p>\n<p>Enne t\u00e4navakivide paigaldusega pihta hakkamist tasub l\u00e4bi m\u00f5elda, mis otstarve sellel teel v\u00f5i platsil on. Kas sillutis on m\u00f5eldud teerajana kasutamiseks v\u00f5i pargitakse seal autosid? V\u00f5ib-olla peab plats kandma ka suurema massiga s\u00f5idukit, veoautot v\u00f5i rasketehnikat? L\u00e4bi m\u00f5eldu ja korralikult planeerituna hoiate kokku aega ja raha ning ennetate pinnase vajumist.<\/p>\n<\/div><\/section><br \/>\n<section  class='av_textblock_section av-kt1c1cit-c284fa6a6c07ada82e74ed7bdf7b28f5 '   itemscope=\"itemscope\" itemtype=\"https:\/\/schema.org\/CreativeWork\" ><div class='avia_textblock av_inherit_color'  itemprop=\"text\" ><h4>Platsi m\u00e4rkimine ja pinnase koorimine<\/h4>\n<p>Rajatava tee v\u00f5i platsi piirid tuleb korrektselt maha m\u00e4rkida ja k\u00fclmaga kerkivad kihid eemaldada. Niimoodi ei ole ohtu, et pinnas p\u00e4rast kivi mahapanemist m\u00e4ngima hakkab.<\/p>\n<\/div><\/section><br \/>\n<section  class='av_textblock_section av-kt1c21gr-d4803b2b8c382bd11d3d4747cf2311f6 '   itemscope=\"itemscope\" itemtype=\"https:\/\/schema.org\/CreativeWork\" ><div class='avia_textblock av_inherit_color'  itemprop=\"text\" ><h4>Aluspinnas, k\u00f5rgused, kalded, \u00e4\u00e4rekivid<\/h4>\n<p>V\u00e4ljakaevatav pinnas asendatakse paekivikillustiku v\u00f5i muu t\u00e4itematerjaliga minimaalselt 25 cm paksuselt. Edasi m\u00e4rgitakse tulevase teepinna nullk\u00f5rgused ja alusele antakse vajalikud kalded vihmavee \u00e4ravooluks. Vastasel juhul v\u00f5ib tasasele v\u00f5i lohkus pinnasele kogunev vesi kogu t\u00f6\u00f6 hiljem \u00e4ra rikkuda. Seej\u00e4rel alus nivelleeritakse ja tihendatakse.<\/p>\n<div class=\"accordion_container\">\n<p>\u00c4\u00e4rekivide k\u00f5rgused m\u00e4rgitakse kogu alale ja \u00e4\u00e4rekivi paigaldatakse poolkuivbetoonile.<\/p>\n<\/div>\n<\/div><\/section><br \/>\n<section  class='av_textblock_section av-kt1c2hgz-59dc779082f8ec33c40518a9ec70e525 '   itemscope=\"itemscope\" itemtype=\"https:\/\/schema.org\/CreativeWork\" ><div class='avia_textblock av_inherit_color'  itemprop=\"text\" ><h4>Liivakihi paigaldamine ja kivi ladumine<\/h4>\n<p>P\u00e4rast killustikualuse tihendamist tuleks pinnale asetada geotekstiili, millega v\u00e4ldid liiva killustiku vahele vajumist, mis v\u00f5ib omakorda p\u00f5hjustada kivide vajumist. Seej\u00e4rel tuleb kogu ala \u00fchtlaselt liivaga katta ja tihendada.<\/p>\n<p>Liivakihile paigaldatakse sillutiskivi. Sillutiskivide vahele p\u00fchitakse s\u00f5elutud kuivliiv, mis takistab edaspidi kivide liikumist. Valmis plats tihendatakse plaatvibraatoriga. Kivid tihendatakse paika ja vuugiliiv, mis eelnevalt sai kivide vahele ja peale p\u00fchitud tiheneb t\u00e4nu vibratsioonile.<\/p>\n<\/div><\/section><\/p><\/div><\/div><!--close column table wrapper. Autoclose: 1 --><div  class='hr av-9210g-cce6c119d98d2057990c64178c8c4ac9 hr-default  avia-builder-el-15  el_after_av_one_full  el_before_av_one_full '><span class='hr-inner '><span class=\"hr-inner-style\"><\/span><\/span><\/div>\n<div class='flex_column_table av-kt147z43-7fc96d10c53be46fc8df15c98e41e161 sc-av_one_full av-equal-height-column-flextable'>\n<style type=\"text\/css\" data-created_by=\"avia_inline_auto\" id=\"style-css-av-kt147z43-7fc96d10c53be46fc8df15c98e41e161\">\n#top .flex_column_table.av-equal-height-column-flextable.av-kt147z43-7fc96d10c53be46fc8df15c98e41e161{\nmargin-top:0px;\nmargin-bottom:0px;\n}\n.flex_column.av-kt147z43-7fc96d10c53be46fc8df15c98e41e161{\nborder-radius:3px 3px 3px 3px;\npadding:0px 0px 0px 0px;\n}\n<\/style>\n<div  class='flex_column av-kt147z43-7fc96d10c53be46fc8df15c98e41e161 av_one_full  avia-builder-el-16  el_after_av_hr  avia-builder-el-last  first flex_column_table_cell av-equal-height-column av-align-middle av-animated-generic left-to-right av-zero-column-padding  '     ><style type=\"text\/css\" data-created_by=\"avia_inline_auto\" id=\"style-css-av-kt146wub-7038856079d8b94dde35d72f2d5ae161\">\n#top .av-special-heading.av-kt146wub-7038856079d8b94dde35d72f2d5ae161{\nmargin:15px 0 0 0;\npadding-bottom:10px;\nfont-size:25px;\n}\nbody .av-special-heading.av-kt146wub-7038856079d8b94dde35d72f2d5ae161 .av-special-heading-tag .heading-char{\nfont-size:25px;\ncolor:#edae44;\npadding-bottom:10px;\n}\nbody .av-special-heading.av-kt146wub-7038856079d8b94dde35d72f2d5ae161 .av-special-heading-tag .heading-char.avia-svg-icon svg:first-child{\nfill:#edae44;\nstroke:#edae44;\n}\n#top #wrap_all .av-special-heading.av-kt146wub-7038856079d8b94dde35d72f2d5ae161 .av-special-heading-tag{\nfont-size:25px;\npadding:10px 0 0 0;\n}\n.av-special-heading.av-kt146wub-7038856079d8b94dde35d72f2d5ae161 .special-heading-inner-border{\nborder-color:#edae44;\n}\n.av-special-heading.av-kt146wub-7038856079d8b94dde35d72f2d5ae161 .av-subheading{\nfont-size:15px;\n}\nbody .av-special-heading.av-kt146wub-7038856079d8b94dde35d72f2d5ae161 .av-special-heading-tag .heading-wrap:before{\nborder-color:#edae44;\n}\nbody .av-special-heading.av-kt146wub-7038856079d8b94dde35d72f2d5ae161 .av-special-heading-tag .heading-wrap:after{\nborder-color:#edae44;\n}\n\n@media only screen and (min-width: 480px) and (max-width: 767px){ \n#top #wrap_all .av-special-heading.av-kt146wub-7038856079d8b94dde35d72f2d5ae161 .av-special-heading-tag{\nfont-size:27px;\n}\n}\n\n@media only screen and (max-width: 479px){ \n#top #wrap_all .av-special-heading.av-kt146wub-7038856079d8b94dde35d72f2d5ae161 .av-special-heading-tag{\nfont-size:27px;\n}\n}\n<\/style>\n<div  class='av-special-heading av-kt146wub-7038856079d8b94dde35d72f2d5ae161 av-special-heading-h2 custom-color-heading blockquote elegant-quote elegant-centered  avia-builder-el-17  avia-builder-el-no-sibling  av-inherit-size av-linked-heading av-icon'><h2 class='av-special-heading-tag '  itemprop=\"headline\"  ><a class=\"av-heading-link\" href=\"https:\/\/xn--kaevamistd-mcba.ee\/?page_id=1497\" ><span class='heading-char avia-iconfont avia-font-entypo-fontello' data-av_icon='\ue805' data-av_iconfont='entypo-fontello' ><\/span><span class=\"heading-wrap\">Kui t\u00e4navakivide paigaldus pakub huvi, saada meile hinnap\u00e4ring!<\/span><\/a><\/h2><div class=\"special-heading-border\"><div class=\"special-heading-inner-border\"><\/div><\/div><\/div><\/div><\/div><!--close column table wrapper. Autoclose: 1 -->\n\n","protected":false},"excerpt":{"rendered":"","protected":false},"author":1,"featured_media":0,"parent":0,"menu_order":0,"comment_status":"open","ping_status":"open","template":"","meta":{"footnotes":""},"class_list":["post-1497","page","type-page","status-publish","hentry"],"_links":{"self":[{"href":"https:\/\/xn--kaevamistd-mcba.ee\/index.php?rest_route=\/wp\/v2\/pages\/1497","targetHints":{"allow":["GET"]}}],"collection":[{"href":"https:\/\/xn--kaevamistd-mcba.ee\/index.php?rest_route=\/wp\/v2\/pages"}],"about":[{"href":"https:\/\/xn--kaevamistd-mcba.ee\/index.php?rest_route=\/wp\/v2\/types\/page"}],"author":[{"embeddable":true,"href":"https:\/\/xn--kaevamistd-mcba.ee\/index.php?rest_route=\/wp\/v2\/users\/1"}],"replies":[{"embeddable":true,"href":"https:\/\/xn--kaevamistd-mcba.ee\/index.php?rest_route=%2Fwp%2Fv2%2Fcomments&post=1497"}],"version-history":[{"count":11,"href":"https:\/\/xn--kaevamistd-mcba.ee\/index.php?rest_route=\/wp\/v2\/pages\/1497\/revisions"}],"predecessor-version":[{"id":1668,"href":"https:\/\/xn--kaevamistd-mcba.ee\/index.php?rest_route=\/wp\/v2\/pages\/1497\/revisions\/1668"}],"wp:attachment":[{"href":"https:\/\/xn--kaevamistd-mcba.ee\/index.php?rest_route=%2Fwp%2Fv2%2Fmedia&parent=1497"}],"curies":[{"name":"wp","href":"https:\/\/api.w.org\/{rel}","templated":true}]}}