{"id":1518,"date":"2021-09-01T10:42:00","date_gmt":"2021-09-01T10:42:00","guid":{"rendered":"https:\/\/xn--kaevamistd-mcba.ee\/est\/?page_id=1518"},"modified":"2021-09-06T15:44:38","modified_gmt":"2021-09-06T15:44:38","slug":"kaevetood-viljandis","status":"publish","type":"page","link":"https:\/\/xn--kaevamistd-mcba.ee\/?page_id=1518","title":{"rendered":"Kaevet\u00f6\u00f6d Viljandis"},"content":{"rendered":"[av_submenu which_menu='custom' menu='12' position='left' color='socket_color' mobile='active' mobile_switch='av-switch-768' mobile_submenu='aviaTBmobile_submenu' alb_description='' id='' custom_class='' template_class='' av_uid='av-kt48ulzi' sc_version='1.0']\r\n[av_submenu_item title='Kaevet\u00f6\u00f6d' button_style='' link='page,1518' linktarget='' av_uid='av-59oyby' sc_version='1.0']\r\n[av_submenu_item title='Septikute m\u00fc\u00fck ja paigaldus' button_style='' link='page,1168' linktarget='' av_uid='av-48nd2m' sc_version='1.0']\r\n[av_submenu_item title='T\u00e4navakivide paigaldus' button_style='' link='page,1497' linktarget='' av_uid='av-2zrhry' sc_version='1.0']\r\n[av_submenu_item title='Veoteenused multilift kalluriga' button_style='' link='page,1660' linktarget='' av_uid='av-kt48ujia' sc_version='1.0']\r\n[\/av_submenu]\r\n\r\n\n<div id='av_section_1'  class='avia-section av-qet8u-620f5dcfcd853f49434b2c43b1d4f479 main_color avia-section-large avia-no-border-styling  avia-builder-el-1  el_after_av_postcontent  avia-builder-el-last  avia-bg-style-scroll container_wrap fullsize'  ><div class='container av-section-cont-open' ><div class='template-page content  av-content-full alpha units'><div class='post-entry post-entry-type-page post-entry-1518'><div class='entry-content-wrapper clearfix'>\n<div class='flex_column_table av-9wkhy-67fd9e37c9522078ab43d2c48e3780b0 sc-av_three_fifth av-equal-height-column-flextable'>\n<style type=\"text\/css\" data-created_by=\"avia_inline_auto\" id=\"style-css-av-9wkhy-67fd9e37c9522078ab43d2c48e3780b0\">\n#top .flex_column_table.av-equal-height-column-flextable.av-9wkhy-67fd9e37c9522078ab43d2c48e3780b0{\nmargin-top:0px;\nmargin-bottom:0px;\n}\n.flex_column.av-9wkhy-67fd9e37c9522078ab43d2c48e3780b0{\nborder-radius:3px 3px 3px 3px;\npadding:0px 0px 0px 0px;\n}\n<\/style>\n<div  class='flex_column av-9wkhy-67fd9e37c9522078ab43d2c48e3780b0 av_three_fifth  avia-builder-el-2  el_before_av_two_fifth  avia-builder-el-first  first flex_column_table_cell av-equal-height-column av-align-middle av-animated-generic left-to-right av-zero-column-padding  '     ><p>\n<style type=\"text\/css\" data-created_by=\"avia_inline_auto\" id=\"style-css-av-uyrai-1224d2b71b7768663ac3b87dd13726eb\">\n#top .av-special-heading.av-uyrai-1224d2b71b7768663ac3b87dd13726eb{\nmargin:15px 0 0 0;\npadding-bottom:10px;\nfont-size:35px;\n}\nbody .av-special-heading.av-uyrai-1224d2b71b7768663ac3b87dd13726eb .av-special-heading-tag .heading-char{\nfont-size:25px;\n}\n#top #wrap_all .av-special-heading.av-uyrai-1224d2b71b7768663ac3b87dd13726eb .av-special-heading-tag{\nfont-size:35px;\npadding:10px 0 0 0;\n}\n.av-special-heading.av-uyrai-1224d2b71b7768663ac3b87dd13726eb .av-subheading{\nfont-size:15px;\n}\n\n@media only screen and (min-width: 480px) and (max-width: 767px){ \n#top #wrap_all .av-special-heading.av-uyrai-1224d2b71b7768663ac3b87dd13726eb .av-special-heading-tag{\nfont-size:25px;\n}\n}\n\n@media only screen and (max-width: 479px){ \n#top #wrap_all .av-special-heading.av-uyrai-1224d2b71b7768663ac3b87dd13726eb .av-special-heading-tag{\nfont-size:25px;\n}\n}\n<\/style>\n<div  class='av-special-heading av-uyrai-1224d2b71b7768663ac3b87dd13726eb av-special-heading-h1 blockquote modern-quote  avia-builder-el-3  el_before_av_textblock  avia-builder-el-first  av-inherit-size'><h1 class='av-special-heading-tag '  itemprop=\"headline\"  >Kaevet\u00f6\u00f6d Viljandis<\/h1><div class=\"special-heading-border\"><div class=\"special-heading-inner-border\"><\/div><\/div><\/div><br \/>\n<section  class='av_textblock_section av-jgds8wgh-7748c3d26df70201118b281b2447eaba '   itemscope=\"itemscope\" itemtype=\"https:\/\/schema.org\/CreativeWork\" ><div class='avia_textblock'  itemprop=\"text\" ><p>Teostame Viljandis ja l\u00e4hi\u00fcmbruses k\u00f5iksugu erinevaid kaevet\u00f6id. Omame kaasaegset ja korralikku tehnikat ning pikaaegset kogemust kaevet\u00f6\u00f6de valdkonnas.<\/p>\n<p>Meie pakutavad kaevet\u00f6\u00f6d: planeerimist\u00f6\u00f6d, laadimist\u00f6\u00f6d, vundamendi kraavide kaevamine, mulla t\u00f6\u00f6d, pinnaset\u00f6\u00f6d, kaablikraavide kaevamine, pinnase koorimine ja tagasit\u00e4ited, tiikide kaevamine, septikute paigaldamine ja imbv\u00e4ljakute rajamine.<\/p>\n<\/div><\/section><\/p><\/div><div class='av-flex-placeholder'><\/div>\n<style type=\"text\/css\" data-created_by=\"avia_inline_auto\" id=\"style-css-av-9wkhy-57e7691f61e4dcb0d25e1b4c21e0616c\">\n#top .flex_column_table.av-equal-height-column-flextable.av-9wkhy-57e7691f61e4dcb0d25e1b4c21e0616c{\nmargin-top:0px;\nmargin-bottom:0px;\n}\n.flex_column.av-9wkhy-57e7691f61e4dcb0d25e1b4c21e0616c{\nborder-radius:73px 0px 0px 0px;\npadding:0px 0px 0px 0px;\n}\n<\/style>\n<div  class='flex_column av-9wkhy-57e7691f61e4dcb0d25e1b4c21e0616c av_two_fifth  avia-builder-el-5  el_after_av_three_fifth  el_before_av_hr  flex_column_table_cell av-equal-height-column av-align-middle av-animated-generic left-to-right av-zero-column-padding  '     ><p>\n<style type=\"text\/css\" data-created_by=\"avia_inline_auto\" id=\"style-css-av-ksslg46s-170cf1ae8f538e01799e26306402f4bc\">\n.avia-image-container.av-ksslg46s-170cf1ae8f538e01799e26306402f4bc img.avia_image{\nbox-shadow:none;\n}\n.avia-image-container.av-ksslg46s-170cf1ae8f538e01799e26306402f4bc .av-image-caption-overlay-center{\ncolor:#ffffff;\n}\n<\/style>\n<div  class='avia-image-container av-ksslg46s-170cf1ae8f538e01799e26306402f4bc av-styling- avia-align-center  avia-builder-el-6  el_before_av_textblock  avia-builder-el-first  av-has-copyright av-copyright-always'   itemprop=\"image\" itemscope=\"itemscope\" itemtype=\"https:\/\/schema.org\/ImageObject\" ><div class=\"avia-image-container-inner\"><div class=\"avia-image-overlay-wrap\"><img decoding=\"async\" fetchpriority=\"high\" class='wp-image-1519 avia-img-lazy-loading-not-1519 avia_image ' src=\"https:\/\/xn--kaevamistd-mcba.ee\/wp-content\/uploads\/2021\/09\/20180608_180420-773x1030-1-773x630.jpg\" alt='' title='Kaevet\u00f6\u00f6d Viljandis'  height=\"630\" width=\"773\"  itemprop=\"thumbnailUrl\"  \/><\/div><small class=\"avia-copyright\">Kaevamist\u00f6\u00f6d.ee<\/small><\/div><\/div><br \/>\n<section  class='av_textblock_section av-kt1c9so6-b6a48b356b5d0abf84fe85e61a94f491 '   itemscope=\"itemscope\" itemtype=\"https:\/\/schema.org\/CreativeWork\" ><div class='avia_textblock'  itemprop=\"text\" ><p>Rohkem pilte <strong>kaevet\u00f6\u00f6de\u00a0<\/strong>kohta leiate <a href=\"https:\/\/xn--kaevamistd-mcba.ee\/est\/galerii\/\">galeriist<\/a>.<\/p>\n<\/div><\/section><\/p><\/div><\/div><!--close column table wrapper. Autoclose: 1 --><div  class='hr av-373z00-873e4636306f77e8a6fe5b9c51335332 hr-default  avia-builder-el-8  el_after_av_two_fifth  el_before_av_two_fifth '><span class='hr-inner '><span class=\"hr-inner-style\"><\/span><\/span><\/div>\n<div class='flex_column_table av-kssqc5n9-a6f4352c6beacee78251fa1d90428420 sc-av_two_fifth av-equal-height-column-flextable'>\n<style type=\"text\/css\" data-created_by=\"avia_inline_auto\" id=\"style-css-av-kssqc5n9-a6f4352c6beacee78251fa1d90428420\">\n#top .flex_column_table.av-equal-height-column-flextable.av-kssqc5n9-a6f4352c6beacee78251fa1d90428420{\nmargin-top:0px;\nmargin-bottom:0px;\n}\n.flex_column.av-kssqc5n9-a6f4352c6beacee78251fa1d90428420{\nborder-radius:3px 3px 3px 3px;\npadding:0px 0px 0px 0px;\n}\n<\/style>\n<div  class='flex_column av-kssqc5n9-a6f4352c6beacee78251fa1d90428420 av_two_fifth  avia-builder-el-9  el_after_av_hr  el_before_av_three_fifth  first flex_column_table_cell av-equal-height-column av-align-middle av-animated-generic left-to-right av-zero-column-padding  '     ><p>\n<style type=\"text\/css\" data-created_by=\"avia_inline_auto\" id=\"style-css-av-kssqafou-68d4356a8570bc7f7c98983d971fa8f3\">\n#top .av-special-heading.av-kssqafou-68d4356a8570bc7f7c98983d971fa8f3{\nmargin:15px 0 0 0;\npadding-bottom:25px;\nfont-size:20px;\n}\nbody .av-special-heading.av-kssqafou-68d4356a8570bc7f7c98983d971fa8f3 .av-special-heading-tag .heading-char{\nfont-size:25px;\n}\n#top #wrap_all .av-special-heading.av-kssqafou-68d4356a8570bc7f7c98983d971fa8f3 .av-special-heading-tag{\nfont-size:20px;\npadding:10px 0 0 0;\n}\n.av-special-heading.av-kssqafou-68d4356a8570bc7f7c98983d971fa8f3 .av-subheading{\nfont-size:15px;\n}\n\n@media only screen and (min-width: 480px) and (max-width: 767px){ \n#top #wrap_all .av-special-heading.av-kssqafou-68d4356a8570bc7f7c98983d971fa8f3 .av-special-heading-tag{\nfont-size:25px;\n}\n}\n\n@media only screen and (max-width: 479px){ \n#top #wrap_all .av-special-heading.av-kssqafou-68d4356a8570bc7f7c98983d971fa8f3 .av-special-heading-tag{\nfont-size:25px;\n}\n}\n<\/style>\n<div  class='av-special-heading av-kssqafou-68d4356a8570bc7f7c98983d971fa8f3 av-special-heading-h2 custom-color-heading blockquote modern-quote  avia-builder-el-10  el_before_av_textblock  avia-builder-el-first  av-inherit-size'><h2 class='av-special-heading-tag '  itemprop=\"headline\"  >Tehnika, mida kasutame kaevet\u00f6\u00f6des<\/h2><div class=\"special-heading-border\"><div class=\"special-heading-inner-border\"><\/div><\/div><\/div><br \/>\n<section  class='av_textblock_section av-kssqdc7y-431c5144574c20c91a15c9e0853949d6 '   itemscope=\"itemscope\" itemtype=\"https:\/\/schema.org\/CreativeWork\" ><div class='avia_textblock av_inherit_color'  itemprop=\"text\" ><section class=\"av_textblock_section \">\n<div class=\"avia_textblock \"><\/div>\n<\/section>\n<section class=\"av_textblock_section \">\n<div class=\"avia_textblock \">\n<ul>\n<li><strong>Multilift kallur<\/strong> VOLVO FM12<\/li>\n<li><strong>Roomikekskavaator<\/strong> JCB JS160LC<\/li>\n<li><strong>Roomikekskavaator<\/strong> HYUNDAI R35Z-9<\/li>\n<li><strong>Teleskooplaadur<\/strong> CAT TH360B<\/li>\n<li><strong>V\u00e4ikelaadur<\/strong> MULTIONE 8.4S<\/li>\n<li><strong>Dumper<\/strong>\u00a0TEREX TA6S<\/li>\n<\/ul>\n<\/div>\n<\/section>\n<\/div><\/section><\/p><\/div><div class='av-flex-placeholder'><\/div>\n<style type=\"text\/css\" data-created_by=\"avia_inline_auto\" id=\"style-css-av-av_three_fifth-68cb5cc3e42a075d3a66064fceb70936\">\n#top .flex_column_table.av-equal-height-column-flextable.av-av_three_fifth-68cb5cc3e42a075d3a66064fceb70936{\nmargin-top:0px;\nmargin-bottom:0px;\n}\n.flex_column.av-av_three_fifth-68cb5cc3e42a075d3a66064fceb70936{\nborder-radius:3px 3px 3px 3px;\npadding:0px 0px 0px 0px;\n}\n<\/style>\n<div  class='flex_column av-av_three_fifth-68cb5cc3e42a075d3a66064fceb70936 av_three_fifth  avia-builder-el-12  el_after_av_two_fifth  el_before_av_hr  flex_column_table_cell av-equal-height-column av-align-middle av-animated-generic left-to-right av-zero-column-padding  '     ><div id='av-masonry-1' class='av-masonry av-kt8te22h-c98ec584a5050b4692f9b6a3190802d2 noHover av-fixed-size av-large-gap av-hover-overlay- av-masonry-animation-active av-masonry-col-4 av-caption-always av-caption-style- av-masonry-gallery ' data-post_id=\"1518\"><div class=\"av-masonry-container isotope av-js-disabled\"><div class='av-masonry-entry isotope-item av-masonry-item-no-image '><\/div><a href=\"https:\/\/xn--kaevamistd-mcba.ee\/wp-content\/uploads\/2021\/09\/tehnika2.jpg\" data-srcset=\"https:\/\/xn--kaevamistd-mcba.ee\/wp-content\/uploads\/2021\/09\/tehnika2.jpg 942w, https:\/\/xn--kaevamistd-mcba.ee\/wp-content\/uploads\/2021\/09\/tehnika2-300x228.jpg 300w, https:\/\/xn--kaevamistd-mcba.ee\/wp-content\/uploads\/2021\/09\/tehnika2-768x584.jpg 768w, https:\/\/xn--kaevamistd-mcba.ee\/wp-content\/uploads\/2021\/09\/tehnika2-705x536.jpg 705w\" data-sizes=\"(max-width: 942px) 100vw, 942px\"  aria-label=\"image image with no title\"  id='av-masonry-1-item-1679' data-av-masonry-item='1679' class='av-masonry-entry isotope-item post-1679 attachment type-attachment status-inherit hentry  av-masonry-item-with-image' title=\"\" alt=\"\"    itemprop=\"thumbnailUrl\" ><div class='av-inner-masonry-sizer'><\/div><figure class='av-inner-masonry main_color'><div class=\"av-masonry-outerimage-container\"><div class='av-masonry-image-container' style=\"background-image: url(https:\/\/xn--kaevamistd-mcba.ee\/wp-content\/uploads\/2021\/09\/tehnika2-705x536.jpg);\" ><\/div><\/div><\/figure><\/a><!--end av-masonry entry--><a href=\"https:\/\/xn--kaevamistd-mcba.ee\/wp-content\/uploads\/2021\/09\/tehnika3.jpg\" data-srcset=\"https:\/\/xn--kaevamistd-mcba.ee\/wp-content\/uploads\/2021\/09\/tehnika3.jpg 942w, https:\/\/xn--kaevamistd-mcba.ee\/wp-content\/uploads\/2021\/09\/tehnika3-300x228.jpg 300w, https:\/\/xn--kaevamistd-mcba.ee\/wp-content\/uploads\/2021\/09\/tehnika3-768x584.jpg 768w, https:\/\/xn--kaevamistd-mcba.ee\/wp-content\/uploads\/2021\/09\/tehnika3-705x536.jpg 705w\" data-sizes=\"(max-width: 942px) 100vw, 942px\"  aria-label=\"image image with no title\"  id='av-masonry-1-item-1678' data-av-masonry-item='1678' class='av-masonry-entry isotope-item post-1678 attachment type-attachment status-inherit hentry  av-masonry-item-with-image' title=\"\" alt=\"\"    itemprop=\"thumbnailUrl\" ><div class='av-inner-masonry-sizer'><\/div><figure class='av-inner-masonry main_color'><div class=\"av-masonry-outerimage-container\"><div class='av-masonry-image-container' style=\"background-image: url(https:\/\/xn--kaevamistd-mcba.ee\/wp-content\/uploads\/2021\/09\/tehnika3-705x536.jpg);\" ><\/div><\/div><\/figure><\/a><!--end av-masonry entry--><a href=\"https:\/\/xn--kaevamistd-mcba.ee\/wp-content\/uploads\/2021\/09\/tehnika4.jpg\" data-srcset=\"https:\/\/xn--kaevamistd-mcba.ee\/wp-content\/uploads\/2021\/09\/tehnika4.jpg 942w, https:\/\/xn--kaevamistd-mcba.ee\/wp-content\/uploads\/2021\/09\/tehnika4-300x228.jpg 300w, https:\/\/xn--kaevamistd-mcba.ee\/wp-content\/uploads\/2021\/09\/tehnika4-768x584.jpg 768w, https:\/\/xn--kaevamistd-mcba.ee\/wp-content\/uploads\/2021\/09\/tehnika4-705x536.jpg 705w\" data-sizes=\"(max-width: 942px) 100vw, 942px\"  aria-label=\"image image with no title\"  id='av-masonry-1-item-1677' data-av-masonry-item='1677' class='av-masonry-entry isotope-item post-1677 attachment type-attachment status-inherit hentry  av-masonry-item-with-image' title=\"\" alt=\"\"    itemprop=\"thumbnailUrl\" ><div class='av-inner-masonry-sizer'><\/div><figure class='av-inner-masonry main_color'><div class=\"av-masonry-outerimage-container\"><div class='av-masonry-image-container' style=\"background-image: url(https:\/\/xn--kaevamistd-mcba.ee\/wp-content\/uploads\/2021\/09\/tehnika4-705x536.jpg);\" ><\/div><\/div><\/figure><\/a><!--end av-masonry entry--><a href=\"https:\/\/xn--kaevamistd-mcba.ee\/wp-content\/uploads\/2021\/09\/tehnika1.jpg\" data-srcset=\"https:\/\/xn--kaevamistd-mcba.ee\/wp-content\/uploads\/2021\/09\/tehnika1.jpg 942w, https:\/\/xn--kaevamistd-mcba.ee\/wp-content\/uploads\/2021\/09\/tehnika1-300x228.jpg 300w, https:\/\/xn--kaevamistd-mcba.ee\/wp-content\/uploads\/2021\/09\/tehnika1-768x584.jpg 768w, https:\/\/xn--kaevamistd-mcba.ee\/wp-content\/uploads\/2021\/09\/tehnika1-705x536.jpg 705w\" data-sizes=\"(max-width: 942px) 100vw, 942px\"  aria-label=\"image image with no title\"  id='av-masonry-1-item-1676' data-av-masonry-item='1676' class='av-masonry-entry isotope-item post-1676 attachment type-attachment status-inherit hentry  av-masonry-item-with-image' title=\"\" alt=\"\"    itemprop=\"thumbnailUrl\" ><div class='av-inner-masonry-sizer'><\/div><figure class='av-inner-masonry main_color'><div class=\"av-masonry-outerimage-container\"><div class='av-masonry-image-container' style=\"background-image: url(https:\/\/xn--kaevamistd-mcba.ee\/wp-content\/uploads\/2021\/09\/tehnika1-705x536.jpg);\" ><\/div><\/div><\/figure><\/a><!--end av-masonry entry--><\/div><\/div><\/div><\/div><!--close column table wrapper. Autoclose: 1 --><div  class='hr av-9210g-cce6c119d98d2057990c64178c8c4ac9 hr-default  avia-builder-el-14  el_after_av_three_fifth  el_before_av_one_full '><span class='hr-inner '><span class=\"hr-inner-style\"><\/span><\/span><\/div>\n<div class='flex_column_table av-kt147z43-7fc96d10c53be46fc8df15c98e41e161 sc-av_one_full av-equal-height-column-flextable'>\n<style type=\"text\/css\" data-created_by=\"avia_inline_auto\" id=\"style-css-av-kt147z43-7fc96d10c53be46fc8df15c98e41e161\">\n#top .flex_column_table.av-equal-height-column-flextable.av-kt147z43-7fc96d10c53be46fc8df15c98e41e161{\nmargin-top:0px;\nmargin-bottom:0px;\n}\n.flex_column.av-kt147z43-7fc96d10c53be46fc8df15c98e41e161{\nborder-radius:3px 3px 3px 3px;\npadding:0px 0px 0px 0px;\n}\n<\/style>\n<div  class='flex_column av-kt147z43-7fc96d10c53be46fc8df15c98e41e161 av_one_full  avia-builder-el-15  el_after_av_hr  avia-builder-el-last  first flex_column_table_cell av-equal-height-column av-align-middle av-animated-generic left-to-right av-zero-column-padding  '     ><style type=\"text\/css\" data-created_by=\"avia_inline_auto\" id=\"style-css-av-kt146wub-d1cdd9d8bb09822af0d51909f78d1f50\">\n#top .av-special-heading.av-kt146wub-d1cdd9d8bb09822af0d51909f78d1f50{\nmargin:15px 0 0 0;\npadding-bottom:10px;\nfont-size:25px;\n}\nbody .av-special-heading.av-kt146wub-d1cdd9d8bb09822af0d51909f78d1f50 .av-special-heading-tag .heading-char{\nfont-size:25px;\ncolor:#edae44;\npadding-bottom:10px;\n}\nbody .av-special-heading.av-kt146wub-d1cdd9d8bb09822af0d51909f78d1f50 .av-special-heading-tag .heading-char.avia-svg-icon svg:first-child{\nfill:#edae44;\nstroke:#edae44;\n}\n#top #wrap_all .av-special-heading.av-kt146wub-d1cdd9d8bb09822af0d51909f78d1f50 .av-special-heading-tag{\nfont-size:25px;\npadding:10px 0 0 0;\n}\n.av-special-heading.av-kt146wub-d1cdd9d8bb09822af0d51909f78d1f50 .special-heading-inner-border{\nborder-color:#edae44;\n}\n.av-special-heading.av-kt146wub-d1cdd9d8bb09822af0d51909f78d1f50 .av-subheading{\nfont-size:15px;\n}\nbody .av-special-heading.av-kt146wub-d1cdd9d8bb09822af0d51909f78d1f50 .av-special-heading-tag .heading-wrap:before{\nborder-color:#edae44;\n}\nbody .av-special-heading.av-kt146wub-d1cdd9d8bb09822af0d51909f78d1f50 .av-special-heading-tag .heading-wrap:after{\nborder-color:#edae44;\n}\n\n@media only screen and (min-width: 480px) and (max-width: 767px){ \n#top #wrap_all .av-special-heading.av-kt146wub-d1cdd9d8bb09822af0d51909f78d1f50 .av-special-heading-tag{\nfont-size:27px;\n}\n}\n\n@media only screen and (max-width: 479px){ \n#top #wrap_all .av-special-heading.av-kt146wub-d1cdd9d8bb09822af0d51909f78d1f50 .av-special-heading-tag{\nfont-size:27px;\n}\n}\n<\/style>\n<div  class='av-special-heading av-kt146wub-d1cdd9d8bb09822af0d51909f78d1f50 av-special-heading-h2 custom-color-heading blockquote elegant-quote elegant-centered  avia-builder-el-16  avia-builder-el-no-sibling  av-inherit-size av-linked-heading av-icon'><h2 class='av-special-heading-tag '  itemprop=\"headline\"  ><a class=\"av-heading-link\" href=\"https:\/\/xn--kaevamistd-mcba.ee\/?page_id=1497\" ><span class='heading-char avia-iconfont avia-font-entypo-fontello' data-av_icon='\ue805' data-av_iconfont='entypo-fontello' ><\/span><span class=\"heading-wrap\">Kui kaevet\u00f6\u00f6de tellimine pakub huvi, saada meile hinnap\u00e4ring!<\/span><\/a><\/h2><div class=\"special-heading-border\"><div class=\"special-heading-inner-border\"><\/div><\/div><\/div><\/div><\/div><!--close column table wrapper. Autoclose: 1 -->\n","protected":false},"excerpt":{"rendered":"","protected":false},"author":1,"featured_media":0,"parent":0,"menu_order":0,"comment_status":"open","ping_status":"open","template":"","meta":{"footnotes":""},"class_list":["post-1518","page","type-page","status-publish","hentry"],"_links":{"self":[{"href":"https:\/\/xn--kaevamistd-mcba.ee\/index.php?rest_route=\/wp\/v2\/pages\/1518","targetHints":{"allow":["GET"]}}],"collection":[{"href":"https:\/\/xn--kaevamistd-mcba.ee\/index.php?rest_route=\/wp\/v2\/pages"}],"about":[{"href":"https:\/\/xn--kaevamistd-mcba.ee\/index.php?rest_route=\/wp\/v2\/types\/page"}],"author":[{"embeddable":true,"href":"https:\/\/xn--kaevamistd-mcba.ee\/index.php?rest_route=\/wp\/v2\/users\/1"}],"replies":[{"embeddable":true,"href":"https:\/\/xn--kaevamistd-mcba.ee\/index.php?rest_route=%2Fwp%2Fv2%2Fcomments&post=1518"}],"version-history":[{"count":8,"href":"https:\/\/xn--kaevamistd-mcba.ee\/index.php?rest_route=\/wp\/v2\/pages\/1518\/revisions"}],"predecessor-version":[{"id":1683,"href":"https:\/\/xn--kaevamistd-mcba.ee\/index.php?rest_route=\/wp\/v2\/pages\/1518\/revisions\/1683"}],"wp:attachment":[{"href":"https:\/\/xn--kaevamistd-mcba.ee\/index.php?rest_route=%2Fwp%2Fv2%2Fmedia&parent=1518"}],"curies":[{"name":"wp","href":"https:\/\/api.w.org\/{rel}","templated":true}]}}