{"id":1547,"date":"2021-09-01T13:49:47","date_gmt":"2021-09-01T13:49:47","guid":{"rendered":"https:\/\/xn--kaevamistd-mcba.ee\/est\/?page_id=1547"},"modified":"2021-09-06T15:41:45","modified_gmt":"2021-09-06T15:41:45","slug":"tehnika","status":"publish","type":"page","link":"https:\/\/xn--kaevamistd-mcba.ee\/?page_id=1547","title":{"rendered":"Tehnika"},"content":{"rendered":"[av_submenu which_menu='custom' menu='12' position='left' color='socket_color' mobile='active' mobile_switch='av-switch-768' mobile_submenu='aviaTBmobile_submenu' alb_description='' id='' custom_class='' template_class='' av_uid='av-kt48ulzi' sc_version='1.0']\r\n[av_submenu_item title='Kaevet\u00f6\u00f6d' button_style='' link='page,1518' linktarget='' av_uid='av-59oyby' sc_version='1.0']\r\n[av_submenu_item title='Septikute m\u00fc\u00fck ja paigaldus' button_style='' link='page,1168' linktarget='' av_uid='av-48nd2m' sc_version='1.0']\r\n[av_submenu_item title='T\u00e4navakivide paigaldus' button_style='' link='page,1497' linktarget='' av_uid='av-2zrhry' sc_version='1.0']\r\n[av_submenu_item title='Veoteenused multilift kalluriga' button_style='' link='page,1660' linktarget='' av_uid='av-kt48ujia' sc_version='1.0']\r\n[\/av_submenu]\r\n\r\n\n<div id='av_section_1'  class='avia-section av-3qf2ew-f18b2c07de89b29754395edaeab1bd9e main_color avia-section-default avia-no-border-styling  avia-builder-el-1  el_after_av_postcontent  avia-builder-el-last  avia-bg-style-scroll container_wrap fullsize'  ><div class='container av-section-cont-open' ><div class='template-page content  av-content-full alpha units'><div class='post-entry post-entry-type-page post-entry-1547'><div class='entry-content-wrapper clearfix'>\n<div class='flex_column_table av-31akoo-cceecbaf5f2b22adf3e4fa072e66b748 sc-av_two_fifth av-equal-height-column-flextable'><div  class='flex_column av-31akoo-cceecbaf5f2b22adf3e4fa072e66b748 av_two_fifth  avia-builder-el-2  el_before_av_three_fifth  avia-builder-el-first  first flex_column_table_cell av-equal-height-column av-align-middle  '     ><p>\n<style type=\"text\/css\" data-created_by=\"avia_inline_auto\" id=\"style-css-av-kt1cdw9p-3d9b63a8e57adb016488436bc5f31a17\">\n#top .av-special-heading.av-kt1cdw9p-3d9b63a8e57adb016488436bc5f31a17{\npadding-bottom:10px;\nfont-size:35px;\n}\nbody .av-special-heading.av-kt1cdw9p-3d9b63a8e57adb016488436bc5f31a17 .av-special-heading-tag .heading-char{\nfont-size:25px;\n}\n#top #wrap_all .av-special-heading.av-kt1cdw9p-3d9b63a8e57adb016488436bc5f31a17 .av-special-heading-tag{\nfont-size:35px;\n}\n.av-special-heading.av-kt1cdw9p-3d9b63a8e57adb016488436bc5f31a17 .av-subheading{\nfont-size:15px;\n}\n\n@media only screen and (min-width: 480px) and (max-width: 767px){ \n#top #wrap_all .av-special-heading.av-kt1cdw9p-3d9b63a8e57adb016488436bc5f31a17 .av-special-heading-tag{\nfont-size:25px;\n}\n}\n\n@media only screen and (max-width: 479px){ \n#top #wrap_all .av-special-heading.av-kt1cdw9p-3d9b63a8e57adb016488436bc5f31a17 .av-special-heading-tag{\nfont-size:25px;\n}\n}\n<\/style>\n<div  class='av-special-heading av-kt1cdw9p-3d9b63a8e57adb016488436bc5f31a17 av-special-heading-h1 blockquote modern-quote  avia-builder-el-3  el_before_av_textblock  avia-builder-el-first  av-inherit-size'><h1 class='av-special-heading-tag '  itemprop=\"headline\"  >Kasutatav tehnika<\/h1><div class=\"special-heading-border\"><div class=\"special-heading-inner-border\"><\/div><\/div><\/div><br \/>\n<section  class='av_textblock_section av-kt8t6tnv-0e78025a3cf23b9f1d8733b04ca1bd13 '   itemscope=\"itemscope\" itemtype=\"https:\/\/schema.org\/CreativeWork\" ><div class='avia_textblock'  itemprop=\"text\" ><p>Korralikud t\u00f6\u00f6vahendid tagavad korraliku tulemuse. Kasutame t\u00f6\u00f6de teostamisel kvaliteetset tehnikat.<\/p>\n<\/div><\/section><br \/>\n<section  class='av_textblock_section av-av_textblock-32af9c344aeda5838e62bcf702809feb '   itemscope=\"itemscope\" itemtype=\"https:\/\/schema.org\/CreativeWork\" ><div class='avia_textblock'  itemprop=\"text\" ><ul>\n<li><strong>Multilift kallur<\/strong> VOLVO FM12<\/li>\n<li><strong>Roomikekskavaator<\/strong> JCB JS160LC<\/li>\n<li><strong>Roomikekskavaator<\/strong> HYUNDAI R35Z-9<\/li>\n<li><strong>Teleskooplaadur<\/strong> CAT TH360B<\/li>\n<li><strong>V\u00e4ikelaadur<\/strong> MULTIONE 8.4S<\/li>\n<li><strong>Dumper<\/strong>\u00a0TEREX TA6S<\/li>\n<\/ul>\n<\/div><\/section><\/p><\/div><div class='av-flex-placeholder'><\/div><div  class='flex_column av-av_three_fifth-337486787960716147ecfb4074cb91c6 av_three_fifth  avia-builder-el-6  el_after_av_two_fifth  avia-builder-el-last  flex_column_table_cell av-equal-height-column av-align-middle  '     ><div id='av-masonry-1' class='av-masonry av-kt8t8fpa-bd383a3c0bf269c69ef1ba2a6769ec95 noHover av-fixed-size av-large-gap av-hover-overlay- av-masonry-animation-active av-masonry-col-2 av-caption-always av-caption-style- av-masonry-gallery ' data-post_id=\"1547\"><div class=\"av-masonry-container isotope av-js-disabled\"><div class='av-masonry-entry isotope-item av-masonry-item-no-image '><\/div><a href=\"https:\/\/xn--kaevamistd-mcba.ee\/wp-content\/uploads\/2021\/09\/tehnika1.jpg\" data-srcset=\"https:\/\/xn--kaevamistd-mcba.ee\/wp-content\/uploads\/2021\/09\/tehnika1.jpg 942w, https:\/\/xn--kaevamistd-mcba.ee\/wp-content\/uploads\/2021\/09\/tehnika1-300x228.jpg 300w, https:\/\/xn--kaevamistd-mcba.ee\/wp-content\/uploads\/2021\/09\/tehnika1-768x584.jpg 768w, https:\/\/xn--kaevamistd-mcba.ee\/wp-content\/uploads\/2021\/09\/tehnika1-705x536.jpg 705w\" data-sizes=\"(max-width: 942px) 100vw, 942px\"  aria-label=\"image image with no title\"  id='av-masonry-1-item-1676' data-av-masonry-item='1676' class='av-masonry-entry isotope-item post-1676 attachment type-attachment status-inherit hentry  av-masonry-item-with-image' title=\"\" alt=\"\"    itemprop=\"thumbnailUrl\" ><div class='av-inner-masonry-sizer'><\/div><figure class='av-inner-masonry main_color'><div class=\"av-masonry-outerimage-container\"><div class='av-masonry-image-container' style=\"background-image: url(https:\/\/xn--kaevamistd-mcba.ee\/wp-content\/uploads\/2021\/09\/tehnika1-705x536.jpg);\" ><\/div><\/div><\/figure><\/a><!--end av-masonry entry--><a href=\"https:\/\/xn--kaevamistd-mcba.ee\/wp-content\/uploads\/2021\/09\/tehnika4.jpg\" data-srcset=\"https:\/\/xn--kaevamistd-mcba.ee\/wp-content\/uploads\/2021\/09\/tehnika4.jpg 942w, https:\/\/xn--kaevamistd-mcba.ee\/wp-content\/uploads\/2021\/09\/tehnika4-300x228.jpg 300w, https:\/\/xn--kaevamistd-mcba.ee\/wp-content\/uploads\/2021\/09\/tehnika4-768x584.jpg 768w, https:\/\/xn--kaevamistd-mcba.ee\/wp-content\/uploads\/2021\/09\/tehnika4-705x536.jpg 705w\" data-sizes=\"(max-width: 942px) 100vw, 942px\"  aria-label=\"image image with no title\"  id='av-masonry-1-item-1677' data-av-masonry-item='1677' class='av-masonry-entry isotope-item post-1677 attachment type-attachment status-inherit hentry  av-masonry-item-with-image' title=\"\" alt=\"\"    itemprop=\"thumbnailUrl\" ><div class='av-inner-masonry-sizer'><\/div><figure class='av-inner-masonry main_color'><div class=\"av-masonry-outerimage-container\"><div class='av-masonry-image-container' style=\"background-image: url(https:\/\/xn--kaevamistd-mcba.ee\/wp-content\/uploads\/2021\/09\/tehnika4-705x536.jpg);\" ><\/div><\/div><\/figure><\/a><!--end av-masonry entry--><a href=\"https:\/\/xn--kaevamistd-mcba.ee\/wp-content\/uploads\/2021\/09\/tehnika2.jpg\" data-srcset=\"https:\/\/xn--kaevamistd-mcba.ee\/wp-content\/uploads\/2021\/09\/tehnika2.jpg 942w, https:\/\/xn--kaevamistd-mcba.ee\/wp-content\/uploads\/2021\/09\/tehnika2-300x228.jpg 300w, https:\/\/xn--kaevamistd-mcba.ee\/wp-content\/uploads\/2021\/09\/tehnika2-768x584.jpg 768w, https:\/\/xn--kaevamistd-mcba.ee\/wp-content\/uploads\/2021\/09\/tehnika2-705x536.jpg 705w\" data-sizes=\"(max-width: 942px) 100vw, 942px\"  aria-label=\"image image with no title\"  id='av-masonry-1-item-1679' data-av-masonry-item='1679' class='av-masonry-entry isotope-item post-1679 attachment type-attachment status-inherit hentry  av-masonry-item-with-image' title=\"\" alt=\"\"    itemprop=\"thumbnailUrl\" ><div class='av-inner-masonry-sizer'><\/div><figure class='av-inner-masonry main_color'><div class=\"av-masonry-outerimage-container\"><div class='av-masonry-image-container' style=\"background-image: url(https:\/\/xn--kaevamistd-mcba.ee\/wp-content\/uploads\/2021\/09\/tehnika2-705x536.jpg);\" ><\/div><\/div><\/figure><\/a><!--end av-masonry entry--><a href=\"https:\/\/xn--kaevamistd-mcba.ee\/wp-content\/uploads\/2021\/09\/tehnika3.jpg\" data-srcset=\"https:\/\/xn--kaevamistd-mcba.ee\/wp-content\/uploads\/2021\/09\/tehnika3.jpg 942w, https:\/\/xn--kaevamistd-mcba.ee\/wp-content\/uploads\/2021\/09\/tehnika3-300x228.jpg 300w, https:\/\/xn--kaevamistd-mcba.ee\/wp-content\/uploads\/2021\/09\/tehnika3-768x584.jpg 768w, https:\/\/xn--kaevamistd-mcba.ee\/wp-content\/uploads\/2021\/09\/tehnika3-705x536.jpg 705w\" data-sizes=\"(max-width: 942px) 100vw, 942px\"  aria-label=\"image image with no title\"  id='av-masonry-1-item-1678' data-av-masonry-item='1678' class='av-masonry-entry isotope-item post-1678 attachment type-attachment status-inherit hentry  av-masonry-item-with-image' title=\"\" alt=\"\"    itemprop=\"thumbnailUrl\" ><div class='av-inner-masonry-sizer'><\/div><figure class='av-inner-masonry main_color'><div class=\"av-masonry-outerimage-container\"><div class='av-masonry-image-container' style=\"background-image: url(https:\/\/xn--kaevamistd-mcba.ee\/wp-content\/uploads\/2021\/09\/tehnika3-705x536.jpg);\" ><\/div><\/div><\/figure><\/a><!--end av-masonry entry--><\/div><\/div><\/div><\/div><!--close column table wrapper. Autoclose: 1 -->\n","protected":false},"excerpt":{"rendered":"","protected":false},"author":1,"featured_media":0,"parent":0,"menu_order":0,"comment_status":"closed","ping_status":"closed","template":"","meta":{"footnotes":""},"class_list":["post-1547","page","type-page","status-publish","hentry"],"_links":{"self":[{"href":"https:\/\/xn--kaevamistd-mcba.ee\/index.php?rest_route=\/wp\/v2\/pages\/1547","targetHints":{"allow":["GET"]}}],"collection":[{"href":"https:\/\/xn--kaevamistd-mcba.ee\/index.php?rest_route=\/wp\/v2\/pages"}],"about":[{"href":"https:\/\/xn--kaevamistd-mcba.ee\/index.php?rest_route=\/wp\/v2\/types\/page"}],"author":[{"embeddable":true,"href":"https:\/\/xn--kaevamistd-mcba.ee\/index.php?rest_route=\/wp\/v2\/users\/1"}],"replies":[{"embeddable":true,"href":"https:\/\/xn--kaevamistd-mcba.ee\/index.php?rest_route=%2Fwp%2Fv2%2Fcomments&post=1547"}],"version-history":[{"count":4,"href":"https:\/\/xn--kaevamistd-mcba.ee\/index.php?rest_route=\/wp\/v2\/pages\/1547\/revisions"}],"predecessor-version":[{"id":1681,"href":"https:\/\/xn--kaevamistd-mcba.ee\/index.php?rest_route=\/wp\/v2\/pages\/1547\/revisions\/1681"}],"wp:attachment":[{"href":"https:\/\/xn--kaevamistd-mcba.ee\/index.php?rest_route=%2Fwp%2Fv2%2Fmedia&parent=1547"}],"curies":[{"name":"wp","href":"https:\/\/api.w.org\/{rel}","templated":true}]}}